{"id":944,"date":"2015-08-18T19:18:32","date_gmt":"2015-08-18T19:18:32","guid":{"rendered":"http:\/\/patrivert.com\/blog\/?page_id=944"},"modified":"2016-08-16T15:10:28","modified_gmt":"2016-08-16T15:10:28","slug":"sobre-mi","status":"publish","type":"page","link":"http:\/\/patrivert.com\/blog\/sobre-mi\/","title":{"rendered":"Sobre m\u00ed"},"content":{"rendered":"<p style=\"text-align: justify;\">Convencida de la importancia de aunar las ciencias con las artes y humanidades. En\u00a0<a href=\"http:\/\/patrivert.com\/blog\/\">\u00a0<em>Pinta y sus cosas<\/em>\u00a0<\/a>\u00a0escribo sobre pedagog\u00eda y educaci\u00f3n.<\/p>\n<p style=\"text-align: justify;\">En mi\u00a0mundo ning\u00fan sue\u00f1o es demasiado grande y ning\u00fan so\u00f1ador demasiado peque\u00f1o.<\/p>\n<p style=\"text-align: justify;\">\n","protected":false},"excerpt":{"rendered":"<p>Convencida de la importancia de aunar las ciencias con las artes y humanidades. En\u00a0\u00a0Pinta y sus cosas\u00a0\u00a0escribo sobre pedagog\u00eda y educaci\u00f3n. En mi\u00a0mundo ning\u00fan sue\u00f1o es demasiado grande y ning\u00fan so\u00f1ador demasiado peque\u00f1o.<\/p>\n","protected":false},"author":1,"featured_media":0,"parent":0,"menu_order":0,"comment_status":"open","ping_status":"open","template":"","meta":{"_links_to":"","_links_to_target":""},"_links":{"self":[{"href":"http:\/\/patrivert.com\/blog\/wp-json\/wp\/v2\/pages\/944"}],"collection":[{"href":"http:\/\/patrivert.com\/blog\/wp-json\/wp\/v2\/pages"}],"about":[{"href":"http:\/\/patrivert.com\/blog\/wp-json\/wp\/v2\/types\/page"}],"author":[{"embeddable":true,"href":"http:\/\/patrivert.com\/blog\/wp-json\/wp\/v2\/users\/1"}],"replies":[{"embeddable":true,"href":"http:\/\/patrivert.com\/blog\/wp-json\/wp\/v2\/comments?post=944"}],"version-history":[{"count":13,"href":"http:\/\/patrivert.com\/blog\/wp-json\/wp\/v2\/pages\/944\/revisions"}],"predecessor-version":[{"id":1164,"href":"http:\/\/patrivert.com\/blog\/wp-json\/wp\/v2\/pages\/944\/revisions\/1164"}],"wp:attachment":[{"href":"http:\/\/patrivert.com\/blog\/wp-json\/wp\/v2\/media?parent=944"}],"curies":[{"name":"wp","href":"https:\/\/api.w.org\/{rel}","templated":true}]}}